{"id":659,"date":"2024-09-04T15:04:30","date_gmt":"2024-09-04T18:04:30","guid":{"rendered":"https:\/\/www.unifan.edu.br\/unifan\/casanova\/?page_id=659"},"modified":"2024-09-05T17:57:16","modified_gmt":"2024-09-05T20:57:16","slug":"regulamentos","status":"publish","type":"page","link":"https:\/\/www.unifan.edu.br\/unifan\/casanova\/institucional\/regulamentos\/","title":{"rendered":"Regulamentos"},"content":{"rendered":"\n<p><a href=\"https:\/\/www.unifan.edu.br\/unifan\/casanova\/wp-content\/uploads\/sites\/4\/2024\/09\/ATIVIDADES-COMPLEMENTARES-Casa-Nova.pdf\">Atividades Complementares<\/a><\/p>\n\n\n\n<p><a href=\"https:\/\/www.unifan.edu.br\/unifan\/casanova\/wp-content\/uploads\/sites\/4\/2024\/09\/ATIVIDADES-DE-EXTENSAO-Casa-Nova.pdf\">Atividades de Extens\u00e3o<\/a><\/p>\n\n\n\n<p><a href=\"https:\/\/www.unifan.edu.br\/unifan\/casanova\/wp-content\/uploads\/sites\/4\/2024\/09\/Biblioteca-Casa-Nova.pdf\">Biblioteca<\/a><\/p>\n\n\n\n<p><a href=\"https:\/\/www.unifan.edu.br\/unifan\/casanova\/wp-content\/uploads\/sites\/4\/2024\/09\/Res.-AAE-no.-1C-2024-Regulamento-das-discsiplinas-Eletivas-e-Optativas-Casa-Nova-23-01-2024.pdf\">Disciplinas Eletivas e Optativas<\/a><\/p>\n\n\n\n<p><a href=\"https:\/\/www.unifan.edu.br\/unifan\/casanova\/wp-content\/uploads\/sites\/4\/2024\/09\/EXTRAORDINARIO-APROVEITAMENTO-DE-ESTUDOS-Casa-Nova.pdf\">Extraordin\u00e1rio Aproveitamento de Estudos<\/a><\/p>\n\n\n\n<p><a href=\"https:\/\/www.unifan.edu.br\/unifan\/casanova\/wp-content\/uploads\/sites\/4\/2024\/09\/LABORATORIOS-DE-INFORMATICA-Casa-Nova.pdf\">Laborat\u00f3rios de Inform\u00e1tica<\/a><\/p>\n\n\n\n<p><a href=\"https:\/\/www.unifan.edu.br\/unifan\/casanova\/wp-content\/uploads\/sites\/4\/2024\/09\/MANUTENCAO-E-GUARDA-DO-ACERVO.pdf\">Manuten\u00e7\u00e3o e Guarda do Acervo<\/a><\/p>\n\n\n\n<p><a href=\"https:\/\/www.unifan.edu.br\/unifan\/casanova\/wp-content\/uploads\/sites\/4\/2024\/09\/TCC-Casa-Nova.pdf\">Orienta\u00e7\u00e3o e Apresenta\u00e7\u00e3o de TCC<\/a><\/p>\n\n\n\n<p><a href=\"https:\/\/www.unifan.edu.br\/unifan\/casanova\/wp-content\/uploads\/sites\/4\/2024\/09\/POLITICA-DO-PROGRAMA-DE-NIVELAMENTO-Casa-Nova.pdf\">Pol\u00edtica do Programa de Nivelamento<\/a><\/p>\n\n\n\n<p><a href=\"https:\/\/www.unifan.edu.br\/unifan\/casanova\/wp-content\/uploads\/sites\/4\/2024\/09\/PROGRAMA-DE-INICIACAO-A-PESQUISA-Casa-Nova.pdf\">Programa de Inicia\u00e7\u00e3o \u00e0 Pesquisa<\/a><\/p>\n\n\n\n<p><a href=\"https:\/\/www.unifan.edu.br\/unifan\/casanova\/wp-content\/uploads\/sites\/4\/2024\/09\/PROGRAMA-DE-MONITORIA-Casa-Nova.pdf\">Programa de Monitoria<\/a><\/p>\n\n\n\n<p><a href=\"https:\/\/www.unifan.edu.br\/unifan\/casanova\/wp-content\/uploads\/sites\/4\/2024\/09\/Pos-graduacao-lato-sensu-Casa-Nova.pdf\">Programa de P\u00f3s-gradua\u00e7\u00e3o lato sensu<\/a><\/p>\n\n\n\n<p><a href=\"https:\/\/www.unifan.edu.br\/unifan\/casanova\/wp-content\/uploads\/sites\/4\/2024\/09\/Programa-Institucional-de-Bolsas-de-Iniciacao-Cientifica-PIBIC-Casa-Nova.pdf\">Programa Institucional de Bolsas de Inicia\u00e7\u00e3o Cient\u00edfica &#8211; PIBIC<\/a><\/p>\n\n\n\n<p><a href=\"https:\/\/www.unifan.edu.br\/unifan\/casanova\/wp-content\/uploads\/sites\/4\/2024\/09\/Proibicao-de-presenca-de-criancas-e-outros-em-sala-de-aula.pdf\">Proibi\u00e7\u00e3o da presen\u00e7a de crian\u00e7as e outros em sala de aula<\/a><\/p>\n\n\n\n<p><a href=\"https:\/\/www.unifan.edu.br\/unifan\/casanova\/wp-content\/uploads\/sites\/4\/2024\/09\/Regime-Domiciliar-de-Estudos-RDE-Casa-Nova.pdf\">Regime Domiliciar de Estudos &#8211; RDE<\/a><\/p>\n","protected":false},"excerpt":{"rendered":"<p>Atividades Complementares Atividades de Extens\u00e3o Biblioteca Disciplinas Eletivas e Optativas Extraordin\u00e1rio Aproveitamento de Estudos Laborat\u00f3rios de Inform\u00e1tica Manuten\u00e7\u00e3o e Guarda do Acervo Orienta\u00e7\u00e3o e Apresenta\u00e7\u00e3o&hellip;<\/p>\n","protected":false},"author":9,"featured_media":0,"parent":2,"menu_order":1,"comment_status":"closed","ping_status":"closed","template":"","meta":{"_acf_changed":false,"footnotes":""},"class_list":["post-659","page","type-page","status-publish","hentry"],"acf":[],"_links":{"self":[{"href":"https:\/\/www.unifan.edu.br\/unifan\/casanova\/wp-json\/wp\/v2\/pages\/659","targetHints":{"allow":["GET"]}}],"collection":[{"href":"https:\/\/www.unifan.edu.br\/unifan\/casanova\/wp-json\/wp\/v2\/pages"}],"about":[{"href":"https:\/\/www.unifan.edu.br\/unifan\/casanova\/wp-json\/wp\/v2\/types\/page"}],"author":[{"embeddable":true,"href":"https:\/\/www.unifan.edu.br\/unifan\/casanova\/wp-json\/wp\/v2\/users\/9"}],"replies":[{"embeddable":true,"href":"https:\/\/www.unifan.edu.br\/unifan\/casanova\/wp-json\/wp\/v2\/comments?post=659"}],"version-history":[{"count":4,"href":"https:\/\/www.unifan.edu.br\/unifan\/casanova\/wp-json\/wp\/v2\/pages\/659\/revisions"}],"predecessor-version":[{"id":684,"href":"https:\/\/www.unifan.edu.br\/unifan\/casanova\/wp-json\/wp\/v2\/pages\/659\/revisions\/684"}],"up":[{"embeddable":true,"href":"https:\/\/www.unifan.edu.br\/unifan\/casanova\/wp-json\/wp\/v2\/pages\/2"}],"wp:attachment":[{"href":"https:\/\/www.unifan.edu.br\/unifan\/casanova\/wp-json\/wp\/v2\/media?parent=659"}],"curies":[{"name":"wp","href":"https:\/\/api.w.org\/{rel}","templated":true}]}}