{"id":104,"date":"2019-07-26T14:09:06","date_gmt":"2019-07-26T17:09:06","guid":{"rendered":"https:\/\/www.unifan.edu.br\/unifan\/pontalina\/?page_id=104"},"modified":"2023-09-21T14:40:44","modified_gmt":"2023-09-21T17:40:44","slug":"convenios","status":"publish","type":"page","link":"https:\/\/www.unifan.edu.br\/unifan\/pontalina\/convenios\/","title":{"rendered":"Conv\u00eanios"},"content":{"rendered":"\n<p><strong>Conv\u00eanios interinstitucionais<\/strong><\/p>\n\n\n\n<p>\u00a0As institui\u00e7\u00f5es interessadas em firmar conv\u00eanio com a Faculdade Alfredo Nasser de Pontalina devem entrar em contato: convenios<a href=\"mailto:gesinopolis@yahoo.com.br\">@unifan.edu.br<\/a>\u00a0\/\u00a0Telefones\u00a0(62) 3094-9739 \/ (62) 3094-9494.<\/p>\n\n\n\n<p>O conv\u00eanio interinstitucional \u00e9 uma parceria firmada entre a  Faculdade Alfredo Nasser de Pontalina e organiza\u00e7\u00f5es p\u00fablicas e privadas, com o  objetivo de facilitar a forma\u00e7\u00e3o escolar e profissional dos  colaboradores das organiza\u00e7\u00f5es e de seus dependentes, por meio da  concess\u00e3o de descontos em pagamentos de mensalidades, na condi\u00e7\u00e3o de  pontualidade, nos cursos de gradua\u00e7\u00e3o. \u00a0\u00a0\u00a0<\/p>\n\n\n\n<p><\/p>\n","protected":false},"excerpt":{"rendered":"<p>Conv\u00eanios interinstitucionais \u00a0As institui\u00e7\u00f5es interessadas em firmar conv\u00eanio com a Faculdade Alfredo Nasser de Pontalina devem entrar em contato: convenios@unifan.edu.br\u00a0\/\u00a0Telefones\u00a0(62) 3094-9739 \/ (62) 3094-9494. O&hellip;<\/p>\n","protected":false},"author":1,"featured_media":0,"parent":0,"menu_order":0,"comment_status":"closed","ping_status":"closed","template":"","meta":{"_acf_changed":false,"footnotes":""},"class_list":["post-104","page","type-page","status-publish","hentry"],"acf":[],"_links":{"self":[{"href":"https:\/\/www.unifan.edu.br\/unifan\/pontalina\/wp-json\/wp\/v2\/pages\/104","targetHints":{"allow":["GET"]}}],"collection":[{"href":"https:\/\/www.unifan.edu.br\/unifan\/pontalina\/wp-json\/wp\/v2\/pages"}],"about":[{"href":"https:\/\/www.unifan.edu.br\/unifan\/pontalina\/wp-json\/wp\/v2\/types\/page"}],"author":[{"embeddable":true,"href":"https:\/\/www.unifan.edu.br\/unifan\/pontalina\/wp-json\/wp\/v2\/users\/1"}],"replies":[{"embeddable":true,"href":"https:\/\/www.unifan.edu.br\/unifan\/pontalina\/wp-json\/wp\/v2\/comments?post=104"}],"version-history":[{"count":5,"href":"https:\/\/www.unifan.edu.br\/unifan\/pontalina\/wp-json\/wp\/v2\/pages\/104\/revisions"}],"predecessor-version":[{"id":700,"href":"https:\/\/www.unifan.edu.br\/unifan\/pontalina\/wp-json\/wp\/v2\/pages\/104\/revisions\/700"}],"wp:attachment":[{"href":"https:\/\/www.unifan.edu.br\/unifan\/pontalina\/wp-json\/wp\/v2\/media?parent=104"}],"curies":[{"name":"wp","href":"https:\/\/api.w.org\/{rel}","templated":true}]}}