{"id":2,"date":"2019-07-25T18:45:15","date_gmt":"2019-07-25T21:45:15","guid":{"rendered":"https:\/\/www.unifan.edu.br\/unifan\/pontalina\/?page_id=2"},"modified":"2023-09-21T14:54:35","modified_gmt":"2023-09-21T17:54:35","slug":"institucional","status":"publish","type":"page","link":"https:\/\/www.unifan.edu.br\/unifan\/pontalina\/institucional\/","title":{"rendered":"Institucional"},"content":{"rendered":"\n<p><strong>A proposta da Institui\u00e7\u00e3o<\/strong><\/p>\n\n\n\n<p>A Faculdade Alfredo Nasser de Pontalina tem como proposta oferecer aos estudantes educa\u00e7\u00e3o acad\u00eamica com desenvolvimento human\u00edstico, cient\u00edfico e tecnol\u00f3gico, norteado por princ\u00edpios cidad\u00e3os, para se tornarem pessoas aptas a pensarem a realidade, em seus campos de trabalho e, transform\u00e1-la, mediante inser\u00e7\u00e3o e atua\u00e7\u00e3o nos diversos setores profissionais.<\/p>\n\n\n\n<p><strong>Miss\u00e3o<\/strong>&nbsp;<\/p>\n\n\n\n<p>Qualificar os alunos para inser\u00e7\u00e3o no mercado de trabalho, de acordo com princ\u00edpios de&nbsp; cidadania.<\/p>\n\n\n\n<p><strong>Vis\u00e3o<\/strong><\/p>\n\n\n\n<p>Ser uma Institui\u00e7\u00e3o reconhecida pela comunidade como refer\u00eancia em Educa\u00e7\u00e3o Superior.<\/p>\n\n\n\n<p><strong>Objetivos e Metas\u00a0<\/strong><\/p>\n\n\n\n<p>Inser\u00e7\u00e3o do egresso na sociedade, com capacidade de adequa\u00e7\u00e3o \u00e0s novas realidades, no exerc\u00edcio da cidadania alicer\u00e7ado em princ\u00edpios \u00e9ticos.<\/p>\n\n\n\n<p><\/p>\n","protected":false},"excerpt":{"rendered":"<p>A proposta da Institui\u00e7\u00e3o A Faculdade Alfredo Nasser de Pontalina tem como proposta oferecer aos estudantes educa\u00e7\u00e3o acad\u00eamica com desenvolvimento human\u00edstico, cient\u00edfico e tecnol\u00f3gico, norteado&hellip;<\/p>\n","protected":false},"author":3,"featured_media":0,"parent":0,"menu_order":0,"comment_status":"closed","ping_status":"open","template":"template-pagina-pai.php","meta":{"_acf_changed":false,"footnotes":""},"class_list":["post-2","page","type-page","status-publish","hentry"],"acf":[],"_links":{"self":[{"href":"https:\/\/www.unifan.edu.br\/unifan\/pontalina\/wp-json\/wp\/v2\/pages\/2","targetHints":{"allow":["GET"]}}],"collection":[{"href":"https:\/\/www.unifan.edu.br\/unifan\/pontalina\/wp-json\/wp\/v2\/pages"}],"about":[{"href":"https:\/\/www.unifan.edu.br\/unifan\/pontalina\/wp-json\/wp\/v2\/types\/page"}],"author":[{"embeddable":true,"href":"https:\/\/www.unifan.edu.br\/unifan\/pontalina\/wp-json\/wp\/v2\/users\/3"}],"replies":[{"embeddable":true,"href":"https:\/\/www.unifan.edu.br\/unifan\/pontalina\/wp-json\/wp\/v2\/comments?post=2"}],"version-history":[{"count":6,"href":"https:\/\/www.unifan.edu.br\/unifan\/pontalina\/wp-json\/wp\/v2\/pages\/2\/revisions"}],"predecessor-version":[{"id":705,"href":"https:\/\/www.unifan.edu.br\/unifan\/pontalina\/wp-json\/wp\/v2\/pages\/2\/revisions\/705"}],"wp:attachment":[{"href":"https:\/\/www.unifan.edu.br\/unifan\/pontalina\/wp-json\/wp\/v2\/media?parent=2"}],"curies":[{"name":"wp","href":"https:\/\/api.w.org\/{rel}","templated":true}]}}