{"id":37,"date":"2019-07-26T11:25:35","date_gmt":"2019-07-26T14:25:35","guid":{"rendered":"https:\/\/www.unifan.edu.br\/unifan\/pontalina\/?page_id=37"},"modified":"2025-02-27T14:36:16","modified_gmt":"2025-02-27T17:36:16","slug":"tecnologo-em-gestao-de-agronegocio","status":"publish","type":"page","link":"https:\/\/www.unifan.edu.br\/unifan\/pontalina\/cursos\/graduacao\/tecnologo-em-gestao-de-agronegocio\/","title":{"rendered":"Tecn\u00f3logo em Gest\u00e3o de Agroneg\u00f3cio"},"content":{"rendered":"\n<figure class=\"wp-block-gallery has-nested-images columns-default is-cropped wp-block-gallery-1 is-layout-flex wp-block-gallery-is-layout-flex\">\n<figure class=\"wp-block-image size-large\"><img loading=\"lazy\" decoding=\"async\" width=\"1024\" height=\"459\" data-id=\"915\" src=\"https:\/\/www.unifan.edu.br\/unifan\/pontalina\/wp-content\/uploads\/sites\/5\/2024\/09\/Prancheta-2-1024x459.png\" alt=\"\" class=\"wp-image-915\" srcset=\"https:\/\/www.unifan.edu.br\/unifan\/pontalina\/wp-content\/uploads\/sites\/5\/2024\/09\/Prancheta-2-1024x459.png 1024w, https:\/\/www.unifan.edu.br\/unifan\/pontalina\/wp-content\/uploads\/sites\/5\/2024\/09\/Prancheta-2-300x134.png 300w, https:\/\/www.unifan.edu.br\/unifan\/pontalina\/wp-content\/uploads\/sites\/5\/2024\/09\/Prancheta-2-768x344.png 768w, https:\/\/www.unifan.edu.br\/unifan\/pontalina\/wp-content\/uploads\/sites\/5\/2024\/09\/Prancheta-2.png 1426w\" sizes=\"auto, (max-width: 1024px) 100vw, 1024px\" \/><\/figure>\n<\/figure>\n\n\n\n<p><strong>O Curso<\/strong><\/p>\n\n\n\n<p><strong>Situa\u00e7\u00e3o Legal<\/strong> <\/p>\n\n\n\n<p>Gest\u00e3o de Agroneg\u00f3cios (tecnol\u00f3gico) &#8211; Portaria de Reconhecimento SERES\/MEC N\u00ba 85, de 26 de fevereiro de 2025, publicada no DOU em 27\/02\/2025.<\/p>\n\n\n\n<p><strong>Miss\u00e3o do Curso<\/strong><\/p>\n\n\n\n<p>Qualificar o estudante de Tecnologia em Agroneg\u00f3cio para o desempenho  de atividades gerenciais e empreendedoras nos diversos tipos de  organiza\u00e7\u00f5es que envolvam o agroneg\u00f3cio, por meio do desenvolvimento de  habilidades te\u00f3ricas, conceituais, anal\u00edticas, pr\u00e1ticas e human\u00edsticas  que potencializem produtos e ou servi\u00e7os com qualidade e  competitividade, onde atuar.<\/p>\n\n\n\n<p><strong>Mercado de Trabalho&nbsp;<br><\/strong>O tecn\u00f3logo em Agroneg\u00f3cio atua em organiza\u00e7\u00f5es instaladas nas  grandes \u00e1reas da agricultura, nos segmentos de Administra\u00e7\u00e3o Rural,  Consultoria, Cultivo e produ\u00e7\u00e3o vegetal e animal, Desenvolvimento de  produtos, Planejamento de produ\u00e7\u00e3o e Vendas.<\/p>\n\n\n\n<div data-wp-interactive=\"core\/file\" class=\"wp-block-file\"><object data-wp-bind--hidden=\"!state.hasPdfPreview\" hidden class=\"wp-block-file__embed\" data=\"https:\/\/www.unifan.edu.br\/unifan\/pontalina\/wp-content\/uploads\/sites\/5\/2022\/05\/Matriz-Tecnologo-em-Agronegocio.pdf\" type=\"application\/pdf\" style=\"width:100%;height:600px\" aria-label=\"Incorporado de Matriz Tecn\u00f3logo em Agroneg\u00f3cio.\"><\/object><a id=\"wp-block-file--media-2ada38a2-0205-488e-97d4-3149b5643a83\" href=\"https:\/\/www.unifan.edu.br\/unifan\/pontalina\/wp-content\/uploads\/sites\/5\/2022\/05\/Matriz-Tecnologo-em-Agronegocio.pdf\">Matriz Tecn\u00f3logo em Agroneg\u00f3cio<\/a><a href=\"https:\/\/www.unifan.edu.br\/unifan\/pontalina\/wp-content\/uploads\/sites\/5\/2022\/05\/Matriz-Tecnologo-em-Agronegocio.pdf\" class=\"wp-block-file__button wp-element-button\" download aria-describedby=\"wp-block-file--media-2ada38a2-0205-488e-97d4-3149b5643a83\">Baixar<\/a><\/div>\n","protected":false},"excerpt":{"rendered":"<p>O Curso Situa\u00e7\u00e3o Legal Gest\u00e3o de Agroneg\u00f3cios (tecnol\u00f3gico) &#8211; Portaria de Reconhecimento SERES\/MEC N\u00ba 85, de 26 de fevereiro de 2025, publicada no DOU em&hellip;<\/p>\n","protected":false},"author":1,"featured_media":61,"parent":15,"menu_order":0,"comment_status":"closed","ping_status":"closed","template":"","meta":{"_acf_changed":false,"footnotes":""},"class_list":["post-37","page","type-page","status-publish","has-post-thumbnail","hentry"],"acf":[],"_links":{"self":[{"href":"https:\/\/www.unifan.edu.br\/unifan\/pontalina\/wp-json\/wp\/v2\/pages\/37","targetHints":{"allow":["GET"]}}],"collection":[{"href":"https:\/\/www.unifan.edu.br\/unifan\/pontalina\/wp-json\/wp\/v2\/pages"}],"about":[{"href":"https:\/\/www.unifan.edu.br\/unifan\/pontalina\/wp-json\/wp\/v2\/types\/page"}],"author":[{"embeddable":true,"href":"https:\/\/www.unifan.edu.br\/unifan\/pontalina\/wp-json\/wp\/v2\/users\/1"}],"replies":[{"embeddable":true,"href":"https:\/\/www.unifan.edu.br\/unifan\/pontalina\/wp-json\/wp\/v2\/comments?post=37"}],"version-history":[{"count":11,"href":"https:\/\/www.unifan.edu.br\/unifan\/pontalina\/wp-json\/wp\/v2\/pages\/37\/revisions"}],"predecessor-version":[{"id":1024,"href":"https:\/\/www.unifan.edu.br\/unifan\/pontalina\/wp-json\/wp\/v2\/pages\/37\/revisions\/1024"}],"up":[{"embeddable":true,"href":"https:\/\/www.unifan.edu.br\/unifan\/pontalina\/wp-json\/wp\/v2\/pages\/15"}],"wp:featuredmedia":[{"embeddable":true,"href":"https:\/\/www.unifan.edu.br\/unifan\/pontalina\/wp-json\/wp\/v2\/media\/61"}],"wp:attachment":[{"href":"https:\/\/www.unifan.edu.br\/unifan\/pontalina\/wp-json\/wp\/v2\/media?parent=37"}],"curies":[{"name":"wp","href":"https:\/\/api.w.org\/{rel}","templated":true}]}}