{"id":43,"date":"2019-07-26T11:27:38","date_gmt":"2019-07-26T14:27:38","guid":{"rendered":"https:\/\/www.unifan.edu.br\/unifan\/pontalina\/?page_id=43"},"modified":"2026-01-20T20:33:52","modified_gmt":"2026-01-20T23:33:52","slug":"ciencias-contabeis","status":"publish","type":"page","link":"https:\/\/www.unifan.edu.br\/unifan\/pontalina\/cursos\/graduacao\/ciencias-contabeis\/","title":{"rendered":"Ci\u00eancias Cont\u00e1beis"},"content":{"rendered":"\n<figure class=\"wp-block-gallery has-nested-images columns-default is-cropped wp-block-gallery-1 is-layout-flex wp-block-gallery-is-layout-flex\">\n<figure class=\"wp-block-image size-large\"><img loading=\"lazy\" decoding=\"async\" width=\"1024\" height=\"459\" data-id=\"911\" src=\"https:\/\/www.unifan.edu.br\/unifan\/pontalina\/wp-content\/uploads\/sites\/5\/2024\/09\/cienc-contabeis-pontalina-1024x459.png\" alt=\"\" class=\"wp-image-911\" srcset=\"https:\/\/www.unifan.edu.br\/unifan\/pontalina\/wp-content\/uploads\/sites\/5\/2024\/09\/cienc-contabeis-pontalina-1024x459.png 1024w, https:\/\/www.unifan.edu.br\/unifan\/pontalina\/wp-content\/uploads\/sites\/5\/2024\/09\/cienc-contabeis-pontalina-300x134.png 300w, https:\/\/www.unifan.edu.br\/unifan\/pontalina\/wp-content\/uploads\/sites\/5\/2024\/09\/cienc-contabeis-pontalina-768x344.png 768w, https:\/\/www.unifan.edu.br\/unifan\/pontalina\/wp-content\/uploads\/sites\/5\/2024\/09\/cienc-contabeis-pontalina.png 1426w\" sizes=\"auto, (max-width: 1024px) 100vw, 1024px\" \/><\/figure>\n<\/figure>\n\n\n\n<p><strong>O Curso<\/strong><\/p>\n\n\n\n<p><strong>Situa\u00e7\u00e3o Legal<\/strong> <\/p>\n\n\n\n<p>Ci\u00eancias Cont\u00e1beis &#8211; Portaria de Reconhecimento SERES\/MEC N\u00ba 374, de 5 de novembro de 2020, publicada no DOU em 06\/12\/20.<\/p>\n\n\n\n<p><strong>Miss\u00e3o do Curso<\/strong><\/p>\n\n\n\n<p>Qualificar o estudante de Ci\u00eancias Cont\u00e1beis, por meio do  desenvolvimento de habilidades te\u00f3ricas, conceituais, anal\u00edticas,  pr\u00e1ticas e human\u00edsticas, para o exerc\u00edcio de atividades de planejamento,  elabora\u00e7\u00e3o, an\u00e1lises demonstrativas, relat\u00f3rios cont\u00e1beis, assessorias,  auditorias, consultorias e tomadas de decis\u00f5es nos processos de gest\u00e3o.<\/p>\n\n\n\n<p><strong>Mercado de Trabalho&nbsp;<br><\/strong>O bacharel em Ci\u00eancias Cont\u00e1beis, ap\u00f3s  credenciamento, atua a servi\u00e7o de pessoas f\u00edsicas e jur\u00eddicas, em  institui\u00e7\u00f5es instaladas nas grandes \u00e1reas da ind\u00fastria, com\u00e9rcio,  educa\u00e7\u00e3o, sa\u00fade, seguran\u00e7a, meio ambiente, agricultura, turismo,  servi\u00e7os da administra\u00e7\u00e3o p\u00fablica, pesquisas e doc\u00eancia<\/p>\n\n\n\n<div class=\"wp-block-columns is-layout-flex wp-container-core-columns-is-layout-9d6595d7 wp-block-columns-is-layout-flex\">\n<div class=\"wp-block-column is-layout-flow wp-block-column-is-layout-flow\" style=\"flex-basis:100%\">\n<div class=\"wp-block-group\"><div class=\"wp-block-group__inner-container is-layout-flow wp-block-group-is-layout-flow\">\n<div class=\"wp-block-file\"><a id=\"wp-block-file--media-7ac46605-fb63-4348-bd35-42359f2a428d\" href=\"https:\/\/www.unifan.edu.br\/unifan\/pontalina\/wp-content\/uploads\/sites\/5\/2024\/09\/Matriz-curricular-do-Curso-de-Bacharelado-em-Ciencias-Contabeis-1.docx\">Matriz-curricular-do-Curso-de-Bacharelado-em-Ciencias-Contabeis-1<\/a><a href=\"https:\/\/www.unifan.edu.br\/unifan\/pontalina\/wp-content\/uploads\/sites\/5\/2024\/09\/Matriz-curricular-do-Curso-de-Bacharelado-em-Ciencias-Contabeis-1.docx\" class=\"wp-block-file__button wp-element-button\" download aria-describedby=\"wp-block-file--media-7ac46605-fb63-4348-bd35-42359f2a428d\">Baixar<\/a><\/div>\n<\/div><\/div>\n<\/div>\n<\/div>\n","protected":false},"excerpt":{"rendered":"<p>O Curso Situa\u00e7\u00e3o Legal Ci\u00eancias Cont\u00e1beis &#8211; Portaria de Reconhecimento SERES\/MEC N\u00ba 374, de 5 de novembro de 2020, publicada no DOU em 06\/12\/20. Miss\u00e3o&hellip;<\/p>\n","protected":false},"author":1,"featured_media":56,"parent":15,"menu_order":0,"comment_status":"closed","ping_status":"closed","template":"","meta":{"_acf_changed":false,"footnotes":""},"class_list":["post-43","page","type-page","status-publish","has-post-thumbnail","hentry"],"acf":[],"_links":{"self":[{"href":"https:\/\/www.unifan.edu.br\/unifan\/pontalina\/wp-json\/wp\/v2\/pages\/43","targetHints":{"allow":["GET"]}}],"collection":[{"href":"https:\/\/www.unifan.edu.br\/unifan\/pontalina\/wp-json\/wp\/v2\/pages"}],"about":[{"href":"https:\/\/www.unifan.edu.br\/unifan\/pontalina\/wp-json\/wp\/v2\/types\/page"}],"author":[{"embeddable":true,"href":"https:\/\/www.unifan.edu.br\/unifan\/pontalina\/wp-json\/wp\/v2\/users\/1"}],"replies":[{"embeddable":true,"href":"https:\/\/www.unifan.edu.br\/unifan\/pontalina\/wp-json\/wp\/v2\/comments?post=43"}],"version-history":[{"count":11,"href":"https:\/\/www.unifan.edu.br\/unifan\/pontalina\/wp-json\/wp\/v2\/pages\/43\/revisions"}],"predecessor-version":[{"id":1132,"href":"https:\/\/www.unifan.edu.br\/unifan\/pontalina\/wp-json\/wp\/v2\/pages\/43\/revisions\/1132"}],"up":[{"embeddable":true,"href":"https:\/\/www.unifan.edu.br\/unifan\/pontalina\/wp-json\/wp\/v2\/pages\/15"}],"wp:featuredmedia":[{"embeddable":true,"href":"https:\/\/www.unifan.edu.br\/unifan\/pontalina\/wp-json\/wp\/v2\/media\/56"}],"wp:attachment":[{"href":"https:\/\/www.unifan.edu.br\/unifan\/pontalina\/wp-json\/wp\/v2\/media?parent=43"}],"curies":[{"name":"wp","href":"https:\/\/api.w.org\/{rel}","templated":true}]}}