{"id":46,"date":"2019-07-26T11:28:10","date_gmt":"2019-07-26T14:28:10","guid":{"rendered":"https:\/\/www.unifan.edu.br\/unifan\/pontalina\/?page_id=46"},"modified":"2026-01-30T12:26:56","modified_gmt":"2026-01-30T15:26:56","slug":"direito","status":"publish","type":"page","link":"https:\/\/www.unifan.edu.br\/unifan\/pontalina\/cursos\/graduacao\/direito\/","title":{"rendered":"Direito"},"content":{"rendered":"\n<figure class=\"wp-block-gallery has-nested-images columns-default is-cropped wp-block-gallery-1 is-layout-flex wp-block-gallery-is-layout-flex\">\n<figure class=\"wp-block-image size-large\"><img loading=\"lazy\" decoding=\"async\" width=\"1024\" height=\"459\" data-id=\"913\" src=\"https:\/\/www.unifan.edu.br\/unifan\/pontalina\/wp-content\/uploads\/sites\/5\/2024\/09\/direito-pontalina-1024x459.png\" alt=\"\" class=\"wp-image-913\" srcset=\"https:\/\/www.unifan.edu.br\/unifan\/pontalina\/wp-content\/uploads\/sites\/5\/2024\/09\/direito-pontalina-1024x459.png 1024w, https:\/\/www.unifan.edu.br\/unifan\/pontalina\/wp-content\/uploads\/sites\/5\/2024\/09\/direito-pontalina-300x134.png 300w, https:\/\/www.unifan.edu.br\/unifan\/pontalina\/wp-content\/uploads\/sites\/5\/2024\/09\/direito-pontalina-768x344.png 768w, https:\/\/www.unifan.edu.br\/unifan\/pontalina\/wp-content\/uploads\/sites\/5\/2024\/09\/direito-pontalina.png 1426w\" sizes=\"auto, (max-width: 1024px) 100vw, 1024px\" \/><\/figure>\n<\/figure>\n\n\n\n<p><strong>O Curso<\/strong><\/p>\n\n\n\n<p><strong>Situa\u00e7\u00e3o Legal<\/strong> <\/p>\n\n\n\n<p>Direito &#8211; Portaria de Reconhecimento SERES\/MEC N\u00ba 437, de 15 de julho de 2025, publicada no DOU em 16\/07\/25.<\/p>\n\n\n\n<p><strong>Miss\u00e3o do Curso<\/strong><\/p>\n\n\n\n<p>Qualificar o estudante de Direito, por meio do desenvolvimento de  habilidades te\u00f3ricas, conceituais, anal\u00edticas, pr\u00e1ticas e human\u00edsticas,  para o exerc\u00edcio de atividades jur\u00eddicas.<\/p>\n\n\n\n<p><strong>Mercado de Trabalho&nbsp;<br><\/strong>O bacharel em Direito, ap\u00f3s credenciamento, atua na Advocacia em  \u00e1reas privadas e p\u00fablicas, nas magistraturas, minist\u00e9rios p\u00fablicos,  delegacias de pol\u00edcia, f\u00f3runs e procuradorias judici\u00e1rias, pesquisas e  doc\u00eancia.<\/p>\n\n\n\n<div data-wp-interactive=\"core\/file\" class=\"wp-block-file\"><object data-wp-bind--hidden=\"!state.hasPdfPreview\" hidden class=\"wp-block-file__embed\" data=\"https:\/\/www.unifan.edu.br\/unifan\/pontalina\/wp-content\/uploads\/sites\/5\/2026\/01\/MATRIZ-DIREITO-PONTALINA-2024.pdf\" type=\"application\/pdf\" style=\"width:100%;height:600px\" aria-label=\"Incorporado de MATRIZ DIREITO PONTALINA 2024.\"><\/object><a id=\"wp-block-file--media-bad03aa1-2de7-48e8-b403-330cbe0a0c0c\" href=\"https:\/\/www.unifan.edu.br\/unifan\/pontalina\/wp-content\/uploads\/sites\/5\/2026\/01\/MATRIZ-DIREITO-PONTALINA-2024.pdf\">MATRIZ DIREITO PONTALINA 2024<\/a><a href=\"https:\/\/www.unifan.edu.br\/unifan\/pontalina\/wp-content\/uploads\/sites\/5\/2026\/01\/MATRIZ-DIREITO-PONTALINA-2024.pdf\" class=\"wp-block-file__button wp-element-button\" download aria-describedby=\"wp-block-file--media-bad03aa1-2de7-48e8-b403-330cbe0a0c0c\">Baixar<\/a><\/div>\n","protected":false},"excerpt":{"rendered":"<p>O Curso Situa\u00e7\u00e3o Legal Direito &#8211; Portaria de Reconhecimento SERES\/MEC N\u00ba 437, de 15 de julho de 2025, publicada no DOU em 16\/07\/25. Miss\u00e3o do&hellip;<\/p>\n","protected":false},"author":1,"featured_media":59,"parent":15,"menu_order":0,"comment_status":"closed","ping_status":"closed","template":"","meta":{"_acf_changed":false,"footnotes":""},"class_list":["post-46","page","type-page","status-publish","has-post-thumbnail","hentry"],"acf":[],"_links":{"self":[{"href":"https:\/\/www.unifan.edu.br\/unifan\/pontalina\/wp-json\/wp\/v2\/pages\/46","targetHints":{"allow":["GET"]}}],"collection":[{"href":"https:\/\/www.unifan.edu.br\/unifan\/pontalina\/wp-json\/wp\/v2\/pages"}],"about":[{"href":"https:\/\/www.unifan.edu.br\/unifan\/pontalina\/wp-json\/wp\/v2\/types\/page"}],"author":[{"embeddable":true,"href":"https:\/\/www.unifan.edu.br\/unifan\/pontalina\/wp-json\/wp\/v2\/users\/1"}],"replies":[{"embeddable":true,"href":"https:\/\/www.unifan.edu.br\/unifan\/pontalina\/wp-json\/wp\/v2\/comments?post=46"}],"version-history":[{"count":16,"href":"https:\/\/www.unifan.edu.br\/unifan\/pontalina\/wp-json\/wp\/v2\/pages\/46\/revisions"}],"predecessor-version":[{"id":1138,"href":"https:\/\/www.unifan.edu.br\/unifan\/pontalina\/wp-json\/wp\/v2\/pages\/46\/revisions\/1138"}],"up":[{"embeddable":true,"href":"https:\/\/www.unifan.edu.br\/unifan\/pontalina\/wp-json\/wp\/v2\/pages\/15"}],"wp:featuredmedia":[{"embeddable":true,"href":"https:\/\/www.unifan.edu.br\/unifan\/pontalina\/wp-json\/wp\/v2\/media\/59"}],"wp:attachment":[{"href":"https:\/\/www.unifan.edu.br\/unifan\/pontalina\/wp-json\/wp\/v2\/media?parent=46"}],"curies":[{"name":"wp","href":"https:\/\/api.w.org\/{rel}","templated":true}]}}