{"id":694,"date":"2023-09-19T17:48:09","date_gmt":"2023-09-19T20:48:09","guid":{"rendered":"https:\/\/www.unifan.edu.br\/unifan\/pontalina\/?page_id=694"},"modified":"2023-09-19T17:48:10","modified_gmt":"2023-09-19T20:48:10","slug":"composicao-da-cpa","status":"publish","type":"page","link":"https:\/\/www.unifan.edu.br\/unifan\/pontalina\/institucional\/cpa\/composicao-da-cpa\/","title":{"rendered":"Composi\u00e7\u00e3o da CPA"},"content":{"rendered":"\n<p><strong>Composi\u00e7\u00e3o da Comiss\u00e3o Pr\u00f3pria de Avalia\u00e7\u00e3o \u2013 CPA<\/strong><\/p>\n\n\n\n<p>JADE DE ABREU MACHADO \u2013 Coordenador\u00a0(jadeabreu@unifan.edu.br);<\/p>\n\n\n\n<p>NIVIANE DIVINA DA ROCHA CARLOS \u2013 Vice-coordenadora \/ Representante do Corpo Docente (nivianerocha@unifan.edu.br);<\/p>\n\n\n\n<p>FELIPE DO PRADO NERI \u2013 Representante Discente (doprado.neri@gmail.com);<\/p>\n\n\n\n<p>ROMILDA CAETANO DO CARMO \u2013 Representante T\u00e9cnico Administrativo;<\/p>\n\n\n\n<p>EDMAR LOPES SERPA \u2013 Representante da Comunidade Externa (edmar.lopes@gmail.com).<\/p>\n","protected":false},"excerpt":{"rendered":"<p>Composi\u00e7\u00e3o da Comiss\u00e3o Pr\u00f3pria de Avalia\u00e7\u00e3o \u2013 CPA JADE DE ABREU MACHADO \u2013 Coordenador\u00a0(jadeabreu@unifan.edu.br); NIVIANE DIVINA DA ROCHA CARLOS \u2013 Vice-coordenadora \/ Representante do Corpo&hellip;<\/p>\n","protected":false},"author":8,"featured_media":0,"parent":692,"menu_order":0,"comment_status":"closed","ping_status":"closed","template":"","meta":{"_acf_changed":false,"footnotes":""},"class_list":["post-694","page","type-page","status-publish","hentry"],"acf":[],"_links":{"self":[{"href":"https:\/\/www.unifan.edu.br\/unifan\/pontalina\/wp-json\/wp\/v2\/pages\/694","targetHints":{"allow":["GET"]}}],"collection":[{"href":"https:\/\/www.unifan.edu.br\/unifan\/pontalina\/wp-json\/wp\/v2\/pages"}],"about":[{"href":"https:\/\/www.unifan.edu.br\/unifan\/pontalina\/wp-json\/wp\/v2\/types\/page"}],"author":[{"embeddable":true,"href":"https:\/\/www.unifan.edu.br\/unifan\/pontalina\/wp-json\/wp\/v2\/users\/8"}],"replies":[{"embeddable":true,"href":"https:\/\/www.unifan.edu.br\/unifan\/pontalina\/wp-json\/wp\/v2\/comments?post=694"}],"version-history":[{"count":1,"href":"https:\/\/www.unifan.edu.br\/unifan\/pontalina\/wp-json\/wp\/v2\/pages\/694\/revisions"}],"predecessor-version":[{"id":696,"href":"https:\/\/www.unifan.edu.br\/unifan\/pontalina\/wp-json\/wp\/v2\/pages\/694\/revisions\/696"}],"up":[{"embeddable":true,"href":"https:\/\/www.unifan.edu.br\/unifan\/pontalina\/wp-json\/wp\/v2\/pages\/692"}],"wp:attachment":[{"href":"https:\/\/www.unifan.edu.br\/unifan\/pontalina\/wp-json\/wp\/v2\/media?parent=694"}],"curies":[{"name":"wp","href":"https:\/\/api.w.org\/{rel}","templated":true}]}}