{"id":130,"date":"2019-07-26T14:04:12","date_gmt":"2019-07-26T17:04:12","guid":{"rendered":"https:\/\/www.unifan.edu.br\/unifan\/remanso\/?page_id=130"},"modified":"2019-07-26T14:05:28","modified_gmt":"2019-07-26T17:05:28","slug":"convenios","status":"publish","type":"page","link":"https:\/\/www.unifan.edu.br\/unifan\/remanso\/convenios\/","title":{"rendered":"Conv\u00eanios"},"content":{"rendered":"\n<p><strong>Conv\u00eanios interistitucionais<\/strong><\/p>\n\n\n\n<p>As institui\u00e7\u00f5es interessadas em firmar conv\u00eanio com a Faculdade Alfredo Nasser devem entrar em contato: convenios<a href=\"mailto:gesinopolis@yahoo.com.br\">@unifan.edu.br<\/a>\u00a0\/\u00a0Telefones\u00a0(62) 3094-9739 \/ (62) 3094-9494.<\/p>\n\n\n\n<p>O conv\u00eanio interinstitucional \u00e9 uma parceria firmada entre a \nFaculdade Alfredo Nasser e organiza\u00e7\u00f5es p\u00fablicas e privadas, com o \nobjetivo de facilitar a forma\u00e7\u00e3o escolar e profissional dos \ncolaboradores das organiza\u00e7\u00f5es e de seus dependentes, por meio da \nconcess\u00e3o de descontos em pagamentos de mensalidades, na condi\u00e7\u00e3o de \npontualidade, nos cursos de gradua\u00e7\u00e3o, p\u00f3s-gradua\u00e7\u00e3o e Col\u00e9gio de \nAplica\u00e7\u00e3o Alfredo Nasser. &nbsp;&nbsp;&nbsp;<\/p>\n\n\n\n<p>S\u00e3o beneficiadas todas as pessoas vinculadas (funcion\u00e1rio, associado,\n sindicalizado, membro) e respectivos dependentes de primeiro grau, que \napresentarem declara\u00e7\u00f5es expedidas pelas seguintes institui\u00e7\u00f5es:<\/p>\n","protected":false},"excerpt":{"rendered":"<p>Conv\u00eanios interistitucionais As institui\u00e7\u00f5es interessadas em firmar conv\u00eanio com a Faculdade Alfredo Nasser devem entrar em contato: convenios@unifan.edu.br\u00a0\/\u00a0Telefones\u00a0(62) 3094-9739 \/ (62) 3094-9494. O conv\u00eanio interinstitucional&hellip;<\/p>\n","protected":false},"author":1,"featured_media":0,"parent":0,"menu_order":0,"comment_status":"closed","ping_status":"closed","template":"","meta":{"_acf_changed":false,"footnotes":""},"class_list":["post-130","page","type-page","status-publish","hentry"],"acf":[],"_links":{"self":[{"href":"https:\/\/www.unifan.edu.br\/unifan\/remanso\/wp-json\/wp\/v2\/pages\/130","targetHints":{"allow":["GET"]}}],"collection":[{"href":"https:\/\/www.unifan.edu.br\/unifan\/remanso\/wp-json\/wp\/v2\/pages"}],"about":[{"href":"https:\/\/www.unifan.edu.br\/unifan\/remanso\/wp-json\/wp\/v2\/types\/page"}],"author":[{"embeddable":true,"href":"https:\/\/www.unifan.edu.br\/unifan\/remanso\/wp-json\/wp\/v2\/users\/1"}],"replies":[{"embeddable":true,"href":"https:\/\/www.unifan.edu.br\/unifan\/remanso\/wp-json\/wp\/v2\/comments?post=130"}],"version-history":[{"count":2,"href":"https:\/\/www.unifan.edu.br\/unifan\/remanso\/wp-json\/wp\/v2\/pages\/130\/revisions"}],"predecessor-version":[{"id":133,"href":"https:\/\/www.unifan.edu.br\/unifan\/remanso\/wp-json\/wp\/v2\/pages\/130\/revisions\/133"}],"wp:attachment":[{"href":"https:\/\/www.unifan.edu.br\/unifan\/remanso\/wp-json\/wp\/v2\/media?parent=130"}],"curies":[{"name":"wp","href":"https:\/\/api.w.org\/{rel}","templated":true}]}}