{"id":413,"date":"2022-04-29T16:58:30","date_gmt":"2022-04-29T19:58:30","guid":{"rendered":"https:\/\/www.unifan.edu.br\/unifan\/remanso\/?page_id=413"},"modified":"2025-05-20T11:51:08","modified_gmt":"2025-05-20T14:51:08","slug":"regulamentos","status":"publish","type":"page","link":"https:\/\/www.unifan.edu.br\/unifan\/remanso\/institucional\/regulamentos\/","title":{"rendered":"Regulamentos"},"content":{"rendered":"\n<p><a href=\"https:\/\/www.unifan.edu.br\/unifan\/remanso\/wp-content\/uploads\/sites\/3\/2023\/08\/ATIVIDADES-COMPLEMENTARES.pdf\">Atividades complementares<\/a><\/p>\n\n\n\n<p><a href=\"https:\/\/www.unifan.edu.br\/unifan\/remanso\/wp-content\/uploads\/sites\/3\/2022\/04\/ATIVIDADES-DE-EXTENSAO.pdf\">Atividades de extens\u00e3o<\/a><\/p>\n\n\n\n<p><a href=\"https:\/\/www.unifan.edu.br\/unifan\/remanso\/wp-content\/uploads\/sites\/3\/2025\/05\/Regulamento_Biblioteca_Remanso_BA.pdf\">Biblioteca<\/a><\/p>\n\n\n\n<p><a href=\"https:\/\/www.unifan.edu.br\/unifan\/remanso\/wp-content\/uploads\/sites\/3\/2025\/05\/Discsiplinas-Eletivas-e-Optativas-Remanso-09-02-2022.pdf\">Disciplinas Eletivas e Optativas<\/a><\/p>\n\n\n\n<p><a href=\"https:\/\/www.unifan.edu.br\/unifan\/remanso\/wp-content\/uploads\/sites\/3\/2022\/04\/EXTRAORDINARIO-APROVEITAMENTO-DE-ESTUDOS.pdf\">Extraordin\u00e1rio aproveitamento de estudos<\/a><\/p>\n\n\n\n<p><a href=\"https:\/\/www.unifan.edu.br\/unifan\/remanso\/wp-content\/uploads\/sites\/3\/2022\/04\/LABORATORIOS-DA-AREA-DA-SAUDE.pdf\">Laborat\u00f3rios da \u00e1rea da Sa\u00fade<\/a><\/p>\n\n\n\n<p><a href=\"https:\/\/www.unifan.edu.br\/unifan\/remanso\/wp-content\/uploads\/sites\/3\/2022\/05\/LABORATORIOS-DE-INFORMATICA.pdf\">Laborat\u00f3rios de inform\u00e1tica<\/a><\/p>\n\n\n\n<p><a href=\"https:\/\/www.unifan.edu.br\/unifan\/remanso\/wp-content\/uploads\/sites\/3\/2022\/04\/MANUTENCAO-E-GUARDA-DO-ACERVO.pdf\">Manuten\u00e7\u00e3o e guarda do acervo<\/a><\/p>\n\n\n\n<p><a href=\"https:\/\/www.unifan.edu.br\/unifan\/remanso\/wp-content\/uploads\/sites\/3\/2025\/05\/REGULAMENTO-NAPSI-1.pdf\">N\u00facleo de Apoio Psicol\u00f3gico (NAPSI)<\/a><\/p>\n\n\n\n<p><a href=\"https:\/\/www.unifan.edu.br\/unifan\/remanso\/wp-content\/uploads\/sites\/3\/2025\/05\/Nestadi-Remanso.pdf\">N\u00facleo de Estudos e A\u00e7\u00f5es para a Diversidade, Direitos Humanos e Meio Ambiente (NESTADI)<\/a><\/p>\n\n\n\n<p><a href=\"https:\/\/www.unifan.edu.br\/unifan\/remanso\/wp-content\/uploads\/sites\/3\/2022\/04\/ORIENTACAO-E-APRESENTACAO-DE-TRABALHO-DE-CONCLUSAO-DE-CURSO.pdf\">Orienta\u00e7\u00e3o e apresenta\u00e7\u00e3o de TCC<\/a><\/p>\n\n\n\n<p><a href=\"https:\/\/www.unifan.edu.br\/unifan\/remanso\/wp-content\/uploads\/sites\/3\/2022\/04\/POLITICA-DO-PROGRAMA-DE-NIVELAMENTO.pdf\">Pol\u00edtica do programa de nivelamento<\/a><\/p>\n\n\n\n<p><a href=\"https:\/\/www.unifan.edu.br\/unifan\/remanso\/wp-content\/uploads\/sites\/3\/2022\/04\/PROGRAMA-DE-INICIACAO-A-PESQUISA.pdf\">Programa de inicia\u00e7\u00e3o \u00e0 pesquisa<\/a><\/p>\n\n\n\n<p><a href=\"https:\/\/www.unifan.edu.br\/unifan\/remanso\/wp-content\/uploads\/sites\/3\/2022\/04\/PROGRAMA-DE-MONITORIA.pdf\">Programa de monitoria<\/a><\/p>\n\n\n\n<p><a href=\"https:\/\/www.unifan.edu.br\/unifan\/remanso\/wp-content\/uploads\/sites\/3\/2022\/04\/PROGRAMA-DE-POS-GRADUACAO-LATO-SENSU.pdf\">Programa de P\u00f3s-gradua\u00e7\u00e3o <em>lato sensu<\/em><\/a><\/p>\n\n\n\n<p><a href=\"https:\/\/www.unifan.edu.br\/unifan\/remanso\/wp-content\/uploads\/sites\/3\/2022\/04\/PROGRAMA-INSTITUCIONAL-DE-BOLSAS-DE-INICIACAO-CIENTIFICA-PIBIC.pdf\">Programa Institucional de Bolsas de Inicia\u00e7\u00e3o Cient\u00edfica \u2013 PIBIC<\/a><\/p>\n\n\n\n<p><a href=\"https:\/\/www.unifan.edu.br\/unifan\/remanso\/wp-content\/uploads\/sites\/3\/2022\/04\/PROIBICAO-DA-PRESENCA-DE-CRIANCAS.pdf\">Proibi\u00e7\u00e3o da presen\u00e7a de crian\u00e7as<\/a><\/p>\n\n\n\n<p><a href=\"https:\/\/www.unifan.edu.br\/unifan\/remanso\/wp-content\/uploads\/sites\/3\/2022\/04\/REGIME-ESPECIAL-DE-ENSINO.pdf\">Regime especial de ensino<\/a><\/p>\n","protected":false},"excerpt":{"rendered":"<p>Atividades complementares Atividades de extens\u00e3o Biblioteca Disciplinas Eletivas e Optativas Extraordin\u00e1rio aproveitamento de estudos Laborat\u00f3rios da \u00e1rea da Sa\u00fade Laborat\u00f3rios de inform\u00e1tica Manuten\u00e7\u00e3o e guarda&hellip;<\/p>\n","protected":false},"author":9,"featured_media":0,"parent":6,"menu_order":0,"comment_status":"closed","ping_status":"closed","template":"template-pagina-pai.php","meta":{"_acf_changed":false,"footnotes":""},"class_list":["post-413","page","type-page","status-publish","hentry"],"acf":[],"_links":{"self":[{"href":"https:\/\/www.unifan.edu.br\/unifan\/remanso\/wp-json\/wp\/v2\/pages\/413","targetHints":{"allow":["GET"]}}],"collection":[{"href":"https:\/\/www.unifan.edu.br\/unifan\/remanso\/wp-json\/wp\/v2\/pages"}],"about":[{"href":"https:\/\/www.unifan.edu.br\/unifan\/remanso\/wp-json\/wp\/v2\/types\/page"}],"author":[{"embeddable":true,"href":"https:\/\/www.unifan.edu.br\/unifan\/remanso\/wp-json\/wp\/v2\/users\/9"}],"replies":[{"embeddable":true,"href":"https:\/\/www.unifan.edu.br\/unifan\/remanso\/wp-json\/wp\/v2\/comments?post=413"}],"version-history":[{"count":10,"href":"https:\/\/www.unifan.edu.br\/unifan\/remanso\/wp-json\/wp\/v2\/pages\/413\/revisions"}],"predecessor-version":[{"id":835,"href":"https:\/\/www.unifan.edu.br\/unifan\/remanso\/wp-json\/wp\/v2\/pages\/413\/revisions\/835"}],"up":[{"embeddable":true,"href":"https:\/\/www.unifan.edu.br\/unifan\/remanso\/wp-json\/wp\/v2\/pages\/6"}],"wp:attachment":[{"href":"https:\/\/www.unifan.edu.br\/unifan\/remanso\/wp-json\/wp\/v2\/media?parent=413"}],"curies":[{"name":"wp","href":"https:\/\/api.w.org\/{rel}","templated":true}]}}