{"id":498,"date":"2022-09-23T15:47:42","date_gmt":"2022-09-23T18:47:42","guid":{"rendered":"https:\/\/www.unifan.edu.br\/unifan\/remanso\/?page_id=498"},"modified":"2022-09-23T15:47:43","modified_gmt":"2022-09-23T18:47:43","slug":"colecao-sociedade-saude-e-inovacao","status":"publish","type":"page","link":"https:\/\/www.unifan.edu.br\/unifan\/remanso\/editora\/1-livros\/colecao-sociedade-saude-e-inovacao\/","title":{"rendered":"Cole\u00e7\u00e3o Sociedade, Sa\u00fade e Inova\u00e7\u00e3o"},"content":{"rendered":"","protected":false},"excerpt":{"rendered":"","protected":false},"author":3,"featured_media":0,"parent":485,"menu_order":0,"comment_status":"closed","ping_status":"closed","template":"template-pagina-pai.php","meta":{"_acf_changed":false,"footnotes":""},"class_list":["post-498","page","type-page","status-publish","hentry"],"acf":[],"_links":{"self":[{"href":"https:\/\/www.unifan.edu.br\/unifan\/remanso\/wp-json\/wp\/v2\/pages\/498","targetHints":{"allow":["GET"]}}],"collection":[{"href":"https:\/\/www.unifan.edu.br\/unifan\/remanso\/wp-json\/wp\/v2\/pages"}],"about":[{"href":"https:\/\/www.unifan.edu.br\/unifan\/remanso\/wp-json\/wp\/v2\/types\/page"}],"author":[{"embeddable":true,"href":"https:\/\/www.unifan.edu.br\/unifan\/remanso\/wp-json\/wp\/v2\/users\/3"}],"replies":[{"embeddable":true,"href":"https:\/\/www.unifan.edu.br\/unifan\/remanso\/wp-json\/wp\/v2\/comments?post=498"}],"version-history":[{"count":1,"href":"https:\/\/www.unifan.edu.br\/unifan\/remanso\/wp-json\/wp\/v2\/pages\/498\/revisions"}],"predecessor-version":[{"id":499,"href":"https:\/\/www.unifan.edu.br\/unifan\/remanso\/wp-json\/wp\/v2\/pages\/498\/revisions\/499"}],"up":[{"embeddable":true,"href":"https:\/\/www.unifan.edu.br\/unifan\/remanso\/wp-json\/wp\/v2\/pages\/485"}],"wp:attachment":[{"href":"https:\/\/www.unifan.edu.br\/unifan\/remanso\/wp-json\/wp\/v2\/media?parent=498"}],"curies":[{"name":"wp","href":"https:\/\/api.w.org\/{rel}","templated":true}]}}