{"id":56,"date":"2019-07-25T19:42:23","date_gmt":"2019-07-25T22:42:23","guid":{"rendered":"https:\/\/www.unifan.edu.br\/unifan\/remanso\/?page_id=56"},"modified":"2025-08-04T16:58:58","modified_gmt":"2025-08-04T19:58:58","slug":"pedagogia","status":"publish","type":"page","link":"https:\/\/www.unifan.edu.br\/unifan\/remanso\/pagina-exemplo\/graduacao\/pedagogia\/","title":{"rendered":"Pedagogia"},"content":{"rendered":"\n<figure class=\"wp-block-image size-large is-style-default\"><img loading=\"lazy\" decoding=\"async\" width=\"1024\" height=\"459\" src=\"https:\/\/www.unifan.edu.br\/unifan\/remanso\/wp-content\/uploads\/sites\/3\/2024\/09\/pedago-remanso-1024x459.png\" alt=\"\" class=\"wp-image-710\" srcset=\"https:\/\/www.unifan.edu.br\/unifan\/remanso\/wp-content\/uploads\/sites\/3\/2024\/09\/pedago-remanso-1024x459.png 1024w, https:\/\/www.unifan.edu.br\/unifan\/remanso\/wp-content\/uploads\/sites\/3\/2024\/09\/pedago-remanso-300x134.png 300w, https:\/\/www.unifan.edu.br\/unifan\/remanso\/wp-content\/uploads\/sites\/3\/2024\/09\/pedago-remanso-768x344.png 768w, https:\/\/www.unifan.edu.br\/unifan\/remanso\/wp-content\/uploads\/sites\/3\/2024\/09\/pedago-remanso.png 1426w\" sizes=\"auto, (max-width: 1024px) 100vw, 1024px\" \/><\/figure>\n\n\n\n<p><strong>Situa\u00e7\u00e3o Legal<\/strong><\/p>\n\n\n\n<p>Reconhecimento pela Portaria SERES n\u00ba. 59, de 06\/04\/2023, publicada no DOU em 10\/04\/2023.\u00a0<\/p>\n\n\n\n<p><strong>Miss\u00e3o do Curso<\/strong><\/p>\n\n\n\n<p>Qualificar o estudante de Pedagogia, por meio do desenvolvimento de \nhabilidades te\u00f3ricas, conceituais, anal\u00edticas, pr\u00e1ticas e human\u00edsticas, \npara compreender fen\u00f4menos pedag\u00f3gicos na sociedade, na cultura e na \neduca\u00e7\u00e3o e contribuir com o desenvolvimento cient\u00edfico e educacional, no\n \u00e2mbito escolar e n\u00e3o-escolar.<\/p>\n\n\n\n<p><strong>Mercado de trabalho<\/strong><\/p>\n\n\n\n<p>O licenciado em Pedagogia atua nas grandes \u00e1reas da pesquisa, \ndoc\u00eancia, gest\u00e3o de processos educacionais, em organiza\u00e7\u00f5es p\u00fablicas e \nprivadas, no \u00e2mbito escolar e n\u00e3o-escolar.<\/p>\n\n\n\n<div class=\"form-group\">\n\n<a href=\"https:\/\/www.unifan.edu.br\/unifan\/remanso\/wp-content\/uploads\/sites\/3\/2024\/08\/MATRIZ-CURSO-PEDAGOGIA.pdf\" class=\"btn btn-primary\">Matriz\n<\/a>\n\n\n\n<\/div>\n","protected":false},"excerpt":{"rendered":"<p>Situa\u00e7\u00e3o Legal Reconhecimento pela Portaria SERES n\u00ba. 59, de 06\/04\/2023, publicada no DOU em 10\/04\/2023.\u00a0 Miss\u00e3o do Curso Qualificar o estudante de Pedagogia, por meio&hellip;<\/p>\n","protected":false},"author":2,"featured_media":77,"parent":54,"menu_order":0,"comment_status":"closed","ping_status":"closed","template":"","meta":{"_acf_changed":false,"footnotes":""},"class_list":["post-56","page","type-page","status-publish","has-post-thumbnail","hentry"],"acf":[],"_links":{"self":[{"href":"https:\/\/www.unifan.edu.br\/unifan\/remanso\/wp-json\/wp\/v2\/pages\/56","targetHints":{"allow":["GET"]}}],"collection":[{"href":"https:\/\/www.unifan.edu.br\/unifan\/remanso\/wp-json\/wp\/v2\/pages"}],"about":[{"href":"https:\/\/www.unifan.edu.br\/unifan\/remanso\/wp-json\/wp\/v2\/types\/page"}],"author":[{"embeddable":true,"href":"https:\/\/www.unifan.edu.br\/unifan\/remanso\/wp-json\/wp\/v2\/users\/2"}],"replies":[{"embeddable":true,"href":"https:\/\/www.unifan.edu.br\/unifan\/remanso\/wp-json\/wp\/v2\/comments?post=56"}],"version-history":[{"count":12,"href":"https:\/\/www.unifan.edu.br\/unifan\/remanso\/wp-json\/wp\/v2\/pages\/56\/revisions"}],"predecessor-version":[{"id":914,"href":"https:\/\/www.unifan.edu.br\/unifan\/remanso\/wp-json\/wp\/v2\/pages\/56\/revisions\/914"}],"up":[{"embeddable":true,"href":"https:\/\/www.unifan.edu.br\/unifan\/remanso\/wp-json\/wp\/v2\/pages\/54"}],"wp:featuredmedia":[{"embeddable":true,"href":"https:\/\/www.unifan.edu.br\/unifan\/remanso\/wp-json\/wp\/v2\/media\/77"}],"wp:attachment":[{"href":"https:\/\/www.unifan.edu.br\/unifan\/remanso\/wp-json\/wp\/v2\/media?parent=56"}],"curies":[{"name":"wp","href":"https:\/\/api.w.org\/{rel}","templated":true}]}}