{"id":6,"date":"2019-07-25T18:30:05","date_gmt":"2019-07-25T21:30:05","guid":{"rendered":"https:\/\/www.unifan.edu.br\/unifan\/remanso\/?page_id=6"},"modified":"2021-05-04T10:02:46","modified_gmt":"2021-05-04T13:02:46","slug":"institucional","status":"publish","type":"page","link":"https:\/\/www.unifan.edu.br\/unifan\/remanso\/institucional\/","title":{"rendered":"Institucional"},"content":{"rendered":"\n<p><strong>A proposta da Institui\u00e7\u00e3o<\/strong><\/p>\n\n\n\n<p>A Faculdade Alfredo Nasser tem como proposta oferecer aos estudantes educa\u00e7\u00e3o acad\u00eamica com desenvolvimento human\u00edstico, cient\u00edfico e tecnol\u00f3gico, norteado por princ\u00edpios cidad\u00e3os, para se tornarem pessoas aptas a pensarem a realidade, em seus campos de trabalho e, transform\u00e1-la, mediante inser\u00e7\u00e3o e atua\u00e7\u00e3o nos diversos setores profissionais.<\/p>\n\n\n\n<p><strong>Miss\u00e3o<\/strong>&nbsp;<\/p>\n\n\n\n<p>Qualificar os alunos para inser\u00e7\u00e3o no mercado de trabalho, de acordo com princ\u00edpios de&nbsp; cidadania.<\/p>\n\n\n\n<p><strong>Vis\u00e3o<\/strong><\/p>\n\n\n\n<p>Ser uma Institui\u00e7\u00e3o reconhecida pela comunidade como refer\u00eancia em Educa\u00e7\u00e3o Superior.<\/p>\n\n\n\n<p><strong>Valores&nbsp;<\/strong><\/p>\n\n\n\n<p>Inser\u00e7\u00e3o do egresso na sociedade, com capacidade de adequa\u00e7\u00e3o \u00e0s novas realidades, no exerc\u00edcio da cidadania alicer\u00e7ado em princ\u00edpios \u00e9ticos.<\/p>\n","protected":false},"excerpt":{"rendered":"<p>A proposta da Institui\u00e7\u00e3o A Faculdade Alfredo Nasser tem como proposta oferecer aos estudantes educa\u00e7\u00e3o acad\u00eamica com desenvolvimento human\u00edstico, cient\u00edfico e tecnol\u00f3gico, norteado por princ\u00edpios&hellip;<\/p>\n","protected":false},"author":1,"featured_media":0,"parent":0,"menu_order":0,"comment_status":"closed","ping_status":"closed","template":"template-pagina-pai.php","meta":{"_acf_changed":false,"footnotes":""},"class_list":["post-6","page","type-page","status-publish","hentry"],"acf":[],"_links":{"self":[{"href":"https:\/\/www.unifan.edu.br\/unifan\/remanso\/wp-json\/wp\/v2\/pages\/6","targetHints":{"allow":["GET"]}}],"collection":[{"href":"https:\/\/www.unifan.edu.br\/unifan\/remanso\/wp-json\/wp\/v2\/pages"}],"about":[{"href":"https:\/\/www.unifan.edu.br\/unifan\/remanso\/wp-json\/wp\/v2\/types\/page"}],"author":[{"embeddable":true,"href":"https:\/\/www.unifan.edu.br\/unifan\/remanso\/wp-json\/wp\/v2\/users\/1"}],"replies":[{"embeddable":true,"href":"https:\/\/www.unifan.edu.br\/unifan\/remanso\/wp-json\/wp\/v2\/comments?post=6"}],"version-history":[{"count":4,"href":"https:\/\/www.unifan.edu.br\/unifan\/remanso\/wp-json\/wp\/v2\/pages\/6\/revisions"}],"predecessor-version":[{"id":321,"href":"https:\/\/www.unifan.edu.br\/unifan\/remanso\/wp-json\/wp\/v2\/pages\/6\/revisions\/321"}],"wp:attachment":[{"href":"https:\/\/www.unifan.edu.br\/unifan\/remanso\/wp-json\/wp\/v2\/media?parent=6"}],"curies":[{"name":"wp","href":"https:\/\/api.w.org\/{rel}","templated":true}]}}