{"id":633,"date":"2023-11-07T15:59:44","date_gmt":"2023-11-07T18:59:44","guid":{"rendered":"https:\/\/www.unifan.edu.br\/unifan\/remanso\/?page_id=633"},"modified":"2025-05-15T14:02:43","modified_gmt":"2025-05-15T17:02:43","slug":"composicao-da-comissao-propria-de-avaliacao-cpa","status":"publish","type":"page","link":"https:\/\/www.unifan.edu.br\/unifan\/remanso\/institucional\/cpa\/composicao-da-comissao-propria-de-avaliacao-cpa\/","title":{"rendered":"Apresenta\u00e7\u00e3o"},"content":{"rendered":"\n<p>Ato da designa\u00e7\u00e3o:&nbsp;Portaria no. 7B-AAE de 30 de Janeiro de 2025<\/p>\n\n\n\n<p>JACQUELINE NASCIMENTO ASSIS DE FIGUEIREDO \u2013 Coordenadora;<\/p>\n\n\n\n<p>RENILDA TEIXEIRA FERREIRA \u2013 Vice-coordenadora \/ Representante do Corpo Docente;<\/p>\n\n\n\n<p>ANTONIO COSTA DE FRAN\u00c7A JUNIOR \u2013 Representante dos T\u00e9cnicos Administrativos;<\/p>\n\n\n\n<p>REJILZA CELESTINO LIMA \u2013 Representante do Corpo Discente;<\/p>\n\n\n\n<p>MARILZE DIAS RODRIGUES \u2013 Representante da Comunidade Externa.<\/p>\n\n\n\n<p>No planejamento estrat\u00e9gico de autoavalia\u00e7\u00e3o, a CPA apresenta como miss\u00e3o \u201ca condu\u00e7\u00e3o dos m\u00e9todos e fluxos dos processos de autoavalia\u00e7\u00e3o institucional e a articula\u00e7\u00e3o com o Planejamento Institucional\u201d.<\/p>\n\n\n\n<p>Os resultados s\u00e3o indicadores para o processo de gest\u00e3o e planejamento da Faculdade Alfredo Nasser de Remanso, obtidos a partir dos question\u00e1rios aplicados aos diversos segmentos da comunidade.<\/p>\n\n\n\n<p>Os resultados s\u00e3o apresentados no Evento de Divulga\u00e7\u00e3o da CPA de Remanso (EDCR), em que se discutem as avalia\u00e7\u00f5es com a comunidade acad\u00eamica com o objetivo de pensar melhorias institucionais.<\/p>\n\n\n\n<p><strong>Instrumentos de avalia\u00e7\u00e3o<\/strong><br>&#8211; Question\u00e1rios semestrais online;<br>&#8211; EDCR\u00a0&#8211;\u00a0Evento de Divulga\u00e7\u00e3o da CPA de Remanso.<\/p>\n\n\n\n<p>(Mais informa\u00e7\u00f5es em Documenta\u00e7\u00e3o)<\/p>\n\n\n\n<p><strong>E-mail da CPA<\/strong>: <a href=\"mailto:cpa.remanso@unifan.edu.br\" target=\"_blank\" rel=\"noreferrer noopener\">cpa.remanso@unifan.edu.br<\/a><\/p>\n","protected":false},"excerpt":{"rendered":"<p>Ato da designa\u00e7\u00e3o:&nbsp;Portaria no. 7B-AAE de 30 de Janeiro de 2025 JACQUELINE NASCIMENTO ASSIS DE FIGUEIREDO \u2013 Coordenadora; RENILDA TEIXEIRA FERREIRA \u2013 Vice-coordenadora \/ Representante&hellip;<\/p>\n","protected":false},"author":8,"featured_media":0,"parent":631,"menu_order":0,"comment_status":"closed","ping_status":"closed","template":"template-pagina-pai.php","meta":{"_acf_changed":false,"footnotes":""},"class_list":["post-633","page","type-page","status-publish","hentry"],"acf":[],"_links":{"self":[{"href":"https:\/\/www.unifan.edu.br\/unifan\/remanso\/wp-json\/wp\/v2\/pages\/633","targetHints":{"allow":["GET"]}}],"collection":[{"href":"https:\/\/www.unifan.edu.br\/unifan\/remanso\/wp-json\/wp\/v2\/pages"}],"about":[{"href":"https:\/\/www.unifan.edu.br\/unifan\/remanso\/wp-json\/wp\/v2\/types\/page"}],"author":[{"embeddable":true,"href":"https:\/\/www.unifan.edu.br\/unifan\/remanso\/wp-json\/wp\/v2\/users\/8"}],"replies":[{"embeddable":true,"href":"https:\/\/www.unifan.edu.br\/unifan\/remanso\/wp-json\/wp\/v2\/comments?post=633"}],"version-history":[{"count":9,"href":"https:\/\/www.unifan.edu.br\/unifan\/remanso\/wp-json\/wp\/v2\/pages\/633\/revisions"}],"predecessor-version":[{"id":805,"href":"https:\/\/www.unifan.edu.br\/unifan\/remanso\/wp-json\/wp\/v2\/pages\/633\/revisions\/805"}],"up":[{"embeddable":true,"href":"https:\/\/www.unifan.edu.br\/unifan\/remanso\/wp-json\/wp\/v2\/pages\/631"}],"wp:attachment":[{"href":"https:\/\/www.unifan.edu.br\/unifan\/remanso\/wp-json\/wp\/v2\/media?parent=633"}],"curies":[{"name":"wp","href":"https:\/\/api.w.org\/{rel}","templated":true}]}}