{"id":64,"date":"2019-07-25T19:49:06","date_gmt":"2019-07-25T22:49:06","guid":{"rendered":"https:\/\/www.unifan.edu.br\/unifan\/remanso\/?page_id=64"},"modified":"2025-08-04T17:13:06","modified_gmt":"2025-08-04T20:13:06","slug":"administracao","status":"publish","type":"page","link":"https:\/\/www.unifan.edu.br\/unifan\/remanso\/pagina-exemplo\/graduacao\/administracao\/","title":{"rendered":"Administra\u00e7\u00e3o"},"content":{"rendered":"\n<figure class=\"wp-block-image size-large\"><img loading=\"lazy\" decoding=\"async\" width=\"1024\" height=\"459\" src=\"https:\/\/www.unifan.edu.br\/unifan\/remanso\/wp-content\/uploads\/sites\/3\/2024\/09\/adm-remanso-1024x459.png\" alt=\"\" class=\"wp-image-704\" srcset=\"https:\/\/www.unifan.edu.br\/unifan\/remanso\/wp-content\/uploads\/sites\/3\/2024\/09\/adm-remanso-1024x459.png 1024w, https:\/\/www.unifan.edu.br\/unifan\/remanso\/wp-content\/uploads\/sites\/3\/2024\/09\/adm-remanso-300x134.png 300w, https:\/\/www.unifan.edu.br\/unifan\/remanso\/wp-content\/uploads\/sites\/3\/2024\/09\/adm-remanso-768x344.png 768w, https:\/\/www.unifan.edu.br\/unifan\/remanso\/wp-content\/uploads\/sites\/3\/2024\/09\/adm-remanso.png 1426w\" sizes=\"auto, (max-width: 1024px) 100vw, 1024px\" \/><\/figure>\n\n\n\n<p><strong>Situa\u00e7\u00e3o Legal<\/strong><\/p>\n\n\n\n<p>Autorizado pela Portaria SERES\/MEC n\u00ba 483, de 25 de julho de 2025, publicada no DOU em 28 de julho de 2025.<\/p>\n\n\n\n<p><strong>Miss\u00e3o do Curso<\/strong><\/p>\n\n\n\n<p>Qualificar o estudante de Administra\u00e7\u00e3o para o desempenho de \natividades gerenciais e empreendedoras nos diversos tipos de \norganiza\u00e7\u00e3o, por meio do desenvolvimento de habilidades te\u00f3ricas, \nconceituais, anal\u00edticas, pr\u00e1ticas e human\u00edsticas que potencializem \nprodutos e ou servi\u00e7os com qualidade e competitividade, nas organiza\u00e7\u00f5es\n onde atuar.<\/p>\n\n\n\n<p><strong>Mercado de Trabalho&nbsp;<\/strong><\/p>\n\n\n\n<p>O bacharel em Administra\u00e7\u00e3o atua em organiza\u00e7\u00f5es instaladas nas grandes \u00e1reas da ind\u00fastria, com\u00e9rcio, educa\u00e7\u00e3o, sa\u00fade, seguran\u00e7a, meio ambiente, agricultura, turismo, servi\u00e7os da administra\u00e7\u00e3o p\u00fablica, etc.<\/p>\n\n\n\n<div class=\"form-group\">\n\n<a href=\"https:\/\/www.unifan.edu.br\/unifan\/remanso\/wp-content\/uploads\/sites\/3\/2024\/08\/MATRIZ-CURSO-ADMINISTRACAO-1.pdf\" class=\"btn btn-primary\">Matriz\n<\/a>\n\n\n\n<\/div>\n","protected":false},"excerpt":{"rendered":"<p>Situa\u00e7\u00e3o Legal Autorizado pela Portaria SERES\/MEC n\u00ba 483, de 25 de julho de 2025, publicada no DOU em 28 de julho de 2025. Miss\u00e3o do&hellip;<\/p>\n","protected":false},"author":2,"featured_media":89,"parent":54,"menu_order":0,"comment_status":"closed","ping_status":"closed","template":"","meta":{"_acf_changed":false,"footnotes":""},"class_list":["post-64","page","type-page","status-publish","has-post-thumbnail","hentry"],"acf":[],"_links":{"self":[{"href":"https:\/\/www.unifan.edu.br\/unifan\/remanso\/wp-json\/wp\/v2\/pages\/64","targetHints":{"allow":["GET"]}}],"collection":[{"href":"https:\/\/www.unifan.edu.br\/unifan\/remanso\/wp-json\/wp\/v2\/pages"}],"about":[{"href":"https:\/\/www.unifan.edu.br\/unifan\/remanso\/wp-json\/wp\/v2\/types\/page"}],"author":[{"embeddable":true,"href":"https:\/\/www.unifan.edu.br\/unifan\/remanso\/wp-json\/wp\/v2\/users\/2"}],"replies":[{"embeddable":true,"href":"https:\/\/www.unifan.edu.br\/unifan\/remanso\/wp-json\/wp\/v2\/comments?post=64"}],"version-history":[{"count":14,"href":"https:\/\/www.unifan.edu.br\/unifan\/remanso\/wp-json\/wp\/v2\/pages\/64\/revisions"}],"predecessor-version":[{"id":915,"href":"https:\/\/www.unifan.edu.br\/unifan\/remanso\/wp-json\/wp\/v2\/pages\/64\/revisions\/915"}],"up":[{"embeddable":true,"href":"https:\/\/www.unifan.edu.br\/unifan\/remanso\/wp-json\/wp\/v2\/pages\/54"}],"wp:featuredmedia":[{"embeddable":true,"href":"https:\/\/www.unifan.edu.br\/unifan\/remanso\/wp-json\/wp\/v2\/media\/89"}],"wp:attachment":[{"href":"https:\/\/www.unifan.edu.br\/unifan\/remanso\/wp-json\/wp\/v2\/media?parent=64"}],"curies":[{"name":"wp","href":"https:\/\/api.w.org\/{rel}","templated":true}]}}