{"id":777,"date":"2025-05-13T12:01:29","date_gmt":"2025-05-13T15:01:29","guid":{"rendered":"https:\/\/www.unifan.edu.br\/unifan\/remanso\/?page_id=777"},"modified":"2025-05-16T17:01:55","modified_gmt":"2025-05-16T20:01:55","slug":"documentacao","status":"publish","type":"page","link":"https:\/\/www.unifan.edu.br\/unifan\/remanso\/institucional\/cpa\/documentacao\/","title":{"rendered":"Documenta\u00e7\u00e3o"},"content":{"rendered":"\n<p><strong>Portaria de Designa\u00e7\u00e3o<\/strong><\/p>\n\n\n\n<p><a href=\"https:\/\/drive.google.com\/file\/d\/1GS8I71UmDZCOEl2QSkJQ3vEJMXqRh10H\/view?usp=sharing\" data-type=\"link\" data-id=\"https:\/\/drive.google.com\/file\/d\/1GS8I71UmDZCOEl2QSkJQ3vEJMXqRh10H\/view?usp=sharing\">Portaria de designa\u00e7\u00e3o da CPA de Remanso &#8211; 2025<\/a><\/p>\n\n\n\n<p><strong>Regulamento da CPA<\/strong><\/p>\n\n\n\n<p><a href=\"https:\/\/drive.google.com\/file\/d\/1AN7qpcnqR-mtYTt_hRQ00JuSsHVy3Gz4\/view?usp=sharing\" data-type=\"link\" data-id=\"https:\/\/drive.google.com\/file\/d\/1AN7qpcnqR-mtYTt_hRQ00JuSsHVy3Gz4\/view?usp=sharing\">Regulamento da CPA de Remanso de 20 de novembro de 2025<\/a><\/p>\n\n\n\n<p><strong>Projeto de autoavalia\u00e7\u00e3o<\/strong><\/p>\n\n\n\n<p><a href=\"https:\/\/drive.google.com\/file\/d\/1LYKcUBiHJFexo0Q83J2H28ni2wV0CbBG\/view?usp=sharing\" data-type=\"link\" data-id=\"https:\/\/drive.google.com\/file\/d\/1LYKcUBiHJFexo0Q83J2H28ni2wV0CbBG\/view?usp=sharing\">Projeto de autoavalia\u00e7\u00e3o institucional &#8211; 2023-2026<\/a><\/p>\n\n\n\n<p><strong>Relato Institucional<\/strong><\/p>\n\n\n\n<p><a href=\"https:\/\/drive.google.com\/file\/d\/11LNKyBx6v1f4yPkpLh7yxDmE4RkQ6wdr\/view?usp=sharing\" data-type=\"link\" data-id=\"https:\/\/drive.google.com\/file\/d\/11LNKyBx6v1f4yPkpLh7yxDmE4RkQ6wdr\/view?usp=sharing\">Relato Institucional 2025<\/a><\/p>\n\n\n\n<p><strong>Relat\u00f3rios anuais de autoavalia\u00e7\u00e3o<\/strong><\/p>\n\n\n\n<p><a href=\"https:\/\/drive.google.com\/file\/d\/1deBBvVzC8vJo7oeKiPIVXJQ3lIB039vS\/view?usp=sharing\" data-type=\"link\" data-id=\"https:\/\/drive.google.com\/file\/d\/1deBBvVzC8vJo7oeKiPIVXJQ3lIB039vS\/view?usp=sharing\">Relat\u00f3rio de autoavalia\u00e7\u00e3o institucional &#8211; 2025<\/a><\/p>\n\n\n\n<p><a href=\"https:\/\/drive.google.com\/file\/d\/1Yzl_t-cTvrBJty5dEuea0o1l0IaiILc-\/view?usp=sharing\" data-type=\"link\" data-id=\"https:\/\/drive.google.com\/file\/d\/1Yzl_t-cTvrBJty5dEuea0o1l0IaiILc-\/view?usp=sharing\">Relat\u00f3rio de autoavalia\u00e7\u00e3o institucional &#8211; 2024<\/a><\/p>\n\n\n\n<p><a href=\"https:\/\/drive.google.com\/file\/d\/1UZXOqO_Sq6EXJaflMl4-9A3NNRxkf_HX\/view?usp=sharing\" data-type=\"link\" data-id=\"https:\/\/drive.google.com\/file\/d\/1UZXOqO_Sq6EXJaflMl4-9A3NNRxkf_HX\/view?usp=sharing\">Relat\u00f3rio de autoavalia\u00e7\u00e3o institucional &#8211; 2023<\/a><\/p>\n\n\n\n<p><strong>Outros relat\u00f3rios<\/strong><\/p>\n\n\n\n<p><a href=\"https:\/\/drive.google.com\/file\/d\/10yQSsZ79V6T9oiwL19w2vnAsRMY_eqBb\/view?usp=sharing\" data-type=\"link\" data-id=\"https:\/\/drive.google.com\/file\/d\/10yQSsZ79V6T9oiwL19w2vnAsRMY_eqBb\/view?usp=sharing\">Relat\u00f3rio de percep\u00e7\u00e3o dos estudantes do evento extensionista MOCCRE &#8211; 2025<\/a><\/p>\n\n\n\n<p><a href=\"https:\/\/drive.google.com\/file\/d\/1LLjM5oCX4GLoGaRUvP7ACTUpx7WX89gW\/view?usp=drive_link\" data-type=\"link\" data-id=\"https:\/\/drive.google.com\/file\/d\/1LLjM5oCX4GLoGaRUvP7ACTUpx7WX89gW\/view?usp=drive_link\">Relat\u00f3rio de Avalie o Semestre &#8211; 2024\/2<\/a><\/p>\n\n\n\n<p><a href=\"https:\/\/drive.google.com\/file\/d\/18oolp95VwDcW8X-59fWuem8x4nijSf-0\/view?usp=sharing\" data-type=\"link\" data-id=\"https:\/\/drive.google.com\/file\/d\/18oolp95VwDcW8X-59fWuem8x4nijSf-0\/view?usp=sharing\">Relat\u00f3rio de enquete com egressos &#8211; 2024\/1<\/a><\/p>\n\n\n\n<p><a href=\"https:\/\/drive.google.com\/file\/d\/1j55LAp2BmpQRJ0I99CrtEkxPlhiYHPrf\/view?usp=sharing\" data-type=\"link\" data-id=\"https:\/\/drive.google.com\/file\/d\/1j55LAp2BmpQRJ0I99CrtEkxPlhiYHPrf\/view?usp=sharing\">Relat\u00f3rio da Avalia\u00e7\u00e3o Institucional &#8211; professores e t\u00e9cnico-administrativos &#8211; 2024\/1<\/a><\/p>\n\n\n\n<p><a href=\"https:\/\/drive.google.com\/file\/d\/1r5f8D_L5VJAGK6TIN2IGczjmSfQCZCEH\/view?usp=sharing\" data-type=\"link\" data-id=\"https:\/\/drive.google.com\/file\/d\/1r5f8D_L5VJAGK6TIN2IGczjmSfQCZCEH\/view?usp=sharing\">Relat\u00f3rio do question\u00e1rio para estudantes &#8211; 2024\/1<\/a><\/p>\n\n\n\n<p><a href=\"https:\/\/drive.google.com\/file\/d\/1X6wbHBv1nLiu28Svas4aRGsXIxnE-Zeu\/view?usp=sharing\" data-type=\"link\" data-id=\"https:\/\/drive.google.com\/file\/d\/1X6wbHBv1nLiu28Svas4aRGsXIxnE-Zeu\/view?usp=sharing\">Relat\u00f3rio do question\u00e1rio para professores &#8211; 2024\/1<\/a><\/p>\n\n\n\n<p><a href=\"https:\/\/drive.google.com\/file\/d\/1fxXkFKY272_mcatS3VtMsPE8JP7OMnXd\/view?usp=sharing\" data-type=\"link\" data-id=\"https:\/\/drive.google.com\/file\/d\/1fxXkFKY272_mcatS3VtMsPE8JP7OMnXd\/view?usp=sharing\">Relat\u00f3rio &#8211; MOCCRE, PCEs, EDCR &#8211; 2022\/2 &#8211; 2023\/1 (comunidade externa)<\/a><\/p>\n\n\n\n<p><a href=\"https:\/\/drive.google.com\/file\/d\/1BnZFDFdg6H9oZzuJ5ohbdyi-Lqd1XBTq\/view?usp=drive_link\" data-type=\"link\" data-id=\"https:\/\/drive.google.com\/file\/d\/1BnZFDFdg6H9oZzuJ5ohbdyi-Lqd1XBTq\/view?usp=drive_link\">Relat\u00f3rio do evento extensionista MOCCRE &#8211; 2022 (comunidade externa)<\/a><\/p>\n\n\n\n<p><a href=\"https:\/\/drive.google.com\/file\/d\/1eudLjo7uTlLfuSbmi4NeIj4ls4ZKajE6\/view?usp=sharing\" data-type=\"link\" data-id=\"https:\/\/drive.google.com\/file\/d\/1eudLjo7uTlLfuSbmi4NeIj4ls4ZKajE6\/view?usp=sharing\">Relat\u00f3rio CPA Remanso &#8211; respostas docentes &#8211; 2020-2<\/a><\/p>\n\n\n\n<p><strong>Atas das reuni\u00f5es<\/strong><\/p>\n\n\n\n<p><a href=\"https:\/\/drive.google.com\/file\/d\/10lKkwSlWPUEceozuPn1twc8RGtwzH1kT\/view?usp=sharing\" data-type=\"link\" data-id=\"https:\/\/drive.google.com\/file\/d\/10lKkwSlWPUEceozuPn1twc8RGtwzH1kT\/view?usp=sharing\">Ata da reuni\u00e3o de aprova\u00e7\u00e3o do question\u00e1rio do evento extensionista MOCCRE CPA &#8211;  2025<\/a><\/p>\n\n\n\n<p><a href=\"https:\/\/drive.google.com\/file\/d\/1LZSHqXFJ0M_DYffaNrbgPRztUOzmjkV4\/view?usp=sharing\" data-type=\"link\" data-id=\"https:\/\/drive.google.com\/file\/d\/1LZSHqXFJ0M_DYffaNrbgPRztUOzmjkV4\/view?usp=sharing\">Ata egressos &#8211; 2024 &#8211; elabora\u00e7\u00e3o do instrumento<\/a><\/p>\n\n\n\n<p><a href=\"https:\/\/drive.google.com\/file\/d\/1WcX0tY4NbN7brhXtJwVngrICo8Q7F9Ec\/view?usp=drive_link\">Ata de aprova\u00e7\u00e3o das avalia\u00e7\u00f5es de 2023<\/a><\/p>\n\n\n\n<p><a href=\"https:\/\/drive.google.com\/file\/d\/1MDLgJQFzSr2sWkiWBPLdyJduAXcNdo3N\/view?usp=sharing\" data-type=\"link\" data-id=\"https:\/\/drive.google.com\/file\/d\/1MDLgJQFzSr2sWkiWBPLdyJduAXcNdo3N\/view?usp=sharing\">Ata de recep\u00e7\u00e3o de resultados das avalia\u00e7\u00f5es &#8211; Licenciaturas &#8211; estudantes &#8211; 2023<\/a><\/p>\n\n\n\n<p><a href=\"https:\/\/drive.google.com\/file\/d\/1of0ICgW2-VNrjRQvWiIVqdZCLbVo3R1N\/view?usp=sharing\" data-type=\"link\" data-id=\"https:\/\/drive.google.com\/file\/d\/1of0ICgW2-VNrjRQvWiIVqdZCLbVo3R1N\/view?usp=sharing\">Ata de recep\u00e7\u00e3o de resultados das avalia\u00e7\u00f5es &#8211; Sociais Aplicadas &#8211; estudantes &#8211; 2023<\/a><\/p>\n\n\n\n<p><a href=\"https:\/\/drive.google.com\/file\/d\/1gGTsj1JgQGuRNL9MNKl9S6mGjEYYFiYW\/view?usp=sharing\" data-type=\"link\" data-id=\"https:\/\/drive.google.com\/file\/d\/1gGTsj1JgQGuRNL9MNKl9S6mGjEYYFiYW\/view?usp=sharing\">Ata de forma\u00e7\u00e3o da nova composi\u00e7\u00e3o &#8211; 2022<\/a><\/p>\n\n\n\n<p><strong>Atas de evid\u00eancia de apropria\u00e7\u00e3o dos resultados das avalia\u00e7\u00f5es<\/strong> <\/p>\n\n\n\n<p><a href=\"https:\/\/drive.google.com\/file\/d\/1L3qJLzYko3dQ5ljlOHNZUEwL3T_08_cI\/view?usp=sharing\" data-type=\"link\" data-id=\"https:\/\/drive.google.com\/file\/d\/1L3qJLzYko3dQ5ljlOHNZUEwL3T_08_cI\/view?usp=sharing\">Atas de evid\u00eancia de apropria\u00e7\u00e3o dos resultados das avalia\u00e7\u00f5es 2024 &#8211; cursos de gradua\u00e7\u00e3o<\/a><\/p>\n\n\n\n<p><a href=\"https:\/\/drive.google.com\/file\/d\/177EbnonOaxeVUST0WAJ1BpZn1vMNk1eQ\/view?usp=sharing\" data-type=\"link\" data-id=\"https:\/\/drive.google.com\/file\/d\/177EbnonOaxeVUST0WAJ1BpZn1vMNk1eQ\/view?usp=sharing\">Atas de evid\u00eancia de apropria\u00e7\u00e3o dos resultados das avalia\u00e7\u00f5es 2024 &#8211; departamentos<\/a><\/p>\n\n\n\n<p><strong>Modelo de instrumentos (documentos complementares ao projeto de autoavalia\u00e7\u00e3o)<\/strong><\/p>\n\n\n\n<p><a href=\"https:\/\/drive.google.com\/file\/d\/1Zfs11PthmDec46_Nfa31tU9hfiNJk61D\/view?usp=sharing\" data-type=\"link\" data-id=\"https:\/\/drive.google.com\/file\/d\/1Zfs11PthmDec46_Nfa31tU9hfiNJk61D\/view?usp=sharing\">Instrumento para estudantes I<\/a><\/p>\n\n\n\n<p><a href=\"https:\/\/drive.google.com\/file\/d\/1X__9sCqMKeWAwT9r03z2iVGkBF-FFLfz\/view?usp=sharing\" data-type=\"link\" data-id=\"https:\/\/drive.google.com\/file\/d\/1X__9sCqMKeWAwT9r03z2iVGkBF-FFLfz\/view?usp=sharing\">Instrumento para estudantes II<\/a><\/p>\n\n\n\n<p><a href=\"https:\/\/drive.google.com\/file\/d\/19lUWPVt1VBCXcej9jxoP1125uGlcDe1I\/view?usp=sharing\" data-type=\"link\" data-id=\"https:\/\/drive.google.com\/file\/d\/19lUWPVt1VBCXcej9jxoP1125uGlcDe1I\/view?usp=sharing\">Instrumentos para professores<\/a><\/p>\n\n\n\n<p><a href=\"https:\/\/drive.google.com\/file\/d\/1PKwq9zsKD1uGx0K_SWop-_bpbZMJyIaq\/view?usp=sharing\" data-type=\"link\" data-id=\"https:\/\/drive.google.com\/file\/d\/1PKwq9zsKD1uGx0K_SWop-_bpbZMJyIaq\/view?usp=sharing\">Instrumento para t\u00e9cnicos-administrativos e professores <\/a><\/p>\n\n\n\n<p><a href=\"https:\/\/drive.google.com\/file\/d\/1MO6DZpg_ANILFln02v_tU6-nGnrOTa2m\/view?usp=sharing\" data-type=\"link\" data-id=\"https:\/\/drive.google.com\/file\/d\/1MO6DZpg_ANILFln02v_tU6-nGnrOTa2m\/view?usp=sharing\">Instrumento para comunidade externa (MOCCRE)<\/a><\/p>\n\n\n\n<p><\/p>\n","protected":false},"excerpt":{"rendered":"<p>Portaria de Designa\u00e7\u00e3o Portaria de designa\u00e7\u00e3o da CPA de Remanso &#8211; 2025 Regulamento da CPA Regulamento da CPA de Remanso de 20 de novembro de&hellip;<\/p>\n","protected":false},"author":12,"featured_media":0,"parent":631,"menu_order":0,"comment_status":"closed","ping_status":"closed","template":"template-pagina-pai.php","meta":{"_acf_changed":false,"footnotes":""},"class_list":["post-777","page","type-page","status-publish","hentry"],"acf":[],"_links":{"self":[{"href":"https:\/\/www.unifan.edu.br\/unifan\/remanso\/wp-json\/wp\/v2\/pages\/777","targetHints":{"allow":["GET"]}}],"collection":[{"href":"https:\/\/www.unifan.edu.br\/unifan\/remanso\/wp-json\/wp\/v2\/pages"}],"about":[{"href":"https:\/\/www.unifan.edu.br\/unifan\/remanso\/wp-json\/wp\/v2\/types\/page"}],"author":[{"embeddable":true,"href":"https:\/\/www.unifan.edu.br\/unifan\/remanso\/wp-json\/wp\/v2\/users\/12"}],"replies":[{"embeddable":true,"href":"https:\/\/www.unifan.edu.br\/unifan\/remanso\/wp-json\/wp\/v2\/comments?post=777"}],"version-history":[{"count":24,"href":"https:\/\/www.unifan.edu.br\/unifan\/remanso\/wp-json\/wp\/v2\/pages\/777\/revisions"}],"predecessor-version":[{"id":832,"href":"https:\/\/www.unifan.edu.br\/unifan\/remanso\/wp-json\/wp\/v2\/pages\/777\/revisions\/832"}],"up":[{"embeddable":true,"href":"https:\/\/www.unifan.edu.br\/unifan\/remanso\/wp-json\/wp\/v2\/pages\/631"}],"wp:attachment":[{"href":"https:\/\/www.unifan.edu.br\/unifan\/remanso\/wp-json\/wp\/v2\/media?parent=777"}],"curies":[{"name":"wp","href":"https:\/\/api.w.org\/{rel}","templated":true}]}}